{"id":1524,"date":"2023-08-30T03:03:39","date_gmt":"2023-08-30T01:03:39","guid":{"rendered":"https:\/\/www.adrns.org\/bbt\/?page_id=1524"},"modified":"2023-08-30T22:34:06","modified_gmt":"2023-08-30T20:34:06","slug":"nous-rejoindre","status":"publish","type":"page","link":"https:\/\/www.adrns.org\/bbt\/nous-rejoindre\/","title":{"rendered":"Nous rejoindre"},"content":{"rendered":"<div class=\"leadform-show-form-2 leadform-show-form  lf-form-default \"><div class=\"lead-head\"><\/div>\r\n               <form action=\"\" method=\"post\" class=\"lead-form-front\" id=\"form_2\" enctype=\"multipart\/form-data\">\r\n                <h1>Nous rejoindre<\/h1><div class=\"name-type lf-field\"><label>Nom & Pr\u00e9nom<\/label>\r\n        <span><input id=\"name_1\" type=\"text\" name=\"name_1\" class=\"lf-form-name\" value=\"\" required placeholder=\"\" \/>\r\n        <\/span><\/div><div class=\"text-type lf-field\"><label>T\u00e9l\u00e9phone<\/label>\r\n        <span><input id=\"number_2\" type=\"number\" class=\"lf-form-text \" name=\"number_2\" required value=\"\" placeholder=\"\" \/>\r\n        <\/span><\/div><div class=\"text-type lf-field\"><label>Email<\/label>\r\n        <span><input id=\"email_3\" type=\"email\" class=\"lf-form-text \" name=\"email_3\" required value=\"\" placeholder=\"\" \/>\r\n        <\/span><\/div><div class=\"name-type lf-field\"><label>Pays \/Ville<\/label>\r\n        <span><input id=\"name_4\" type=\"text\" name=\"name_4\" class=\"lf-form-name\" value=\"\" required placeholder=\"\" \/>\r\n        <\/span><\/div><div class=\"select-type lf-field\"><label>Comment souhaitez vous contribuer ?<\/label>\r\n            <span><select id=\"option_5\" name=\"option_5\" required ><option value=\"Partenaires en  fournissant des  ressources pour  l\u2019organisation\">Partenaires en  fournissant des  ressources pour  l\u2019organisation<\/option><option value=\"Ambassadeur ou  Ambassadrice,  repr\u00e9sentant BBT  dans votre r\u00e9gion\">Ambassadeur ou  Ambassadrice,  repr\u00e9sentant BBT  dans votre r\u00e9gion<\/option><option value=\"Partenaires  entrepreneurs et PME,  venez pr\u00e9sentez vos  produits,   services et partager  votre exp\u00e9rience\">Partenaires  entrepreneurs et PME,  venez pr\u00e9sentez vos  produits,   services et partager  votre exp\u00e9rience<\/option><option value=\"Intervenants en  partageant votre  exp\u00e9rience\">Intervenants en  partageant votre  exp\u00e9rience<\/option><option value=\"B\u00e9n\u00e9voles \u00e0  l\u2019organisation et  \u00e0 la promotion  dans votre  r\u00e9gion\">B\u00e9n\u00e9voles \u00e0  l\u2019organisation et  \u00e0 la promotion  dans votre  r\u00e9gion<\/option><option value=\"Participants aux  s\u00e9minaires et en y  invitant des amis,  la famille et des  coll\u00e8gues\">Participants aux  s\u00e9minaires et en y  invitant des amis,  la famille et des  coll\u00e8gues<\/option><option value=\"Points focaux  dans votre  r\u00e9gion et des  mentors\">Points focaux  dans votre  r\u00e9gion et des  mentors<\/option><option value=\"Autre\">Autre<\/option><\/select><\/span><\/div><div class=\"textarea-type lf-field\"><label>Si autres,  pr\u00e9cisez <\/label>\r\n            <span><textarea id=\"message_6\" name=\"message_6\" class=\"lf-form-textarea\" value=\"\" placeholder=\"\" required><\/textarea>\r\n            <\/span><\/div><div class=\"upload-type lf-field\"><label>Document \u00e0 partager<\/label>\r\n            <span class=\"lfb-file\">\r\n                <div class=\"lfb-file-upload\" >\r\n                    <input type=\"text\" class=\"file-text upload_7_2\">\r\n                    <div class=\"lfb_input_upload\">\r\n                        <input onchange=\"lfb_upload_button(this);\" type=\"file\" id=\"upload_7\"  name=\"upload_7\" class=\"lfb-input-upload custom-file-input\" filetext=\"upload_7_2\" value=\"\"  placeholder=\"\" \/>\r\n                    <\/div>\r\n                <\/div>\r\n            <\/span>\r\n        <\/div><div class=\"textarea-type lf-field\"><label>Message <\/label>\r\n            <span><textarea id=\"message_8\" name=\"message_8\" class=\"lf-form-textarea\" value=\"\" placeholder=\"\" required><\/textarea>\r\n            <\/span><\/div><div class=\"lf-form-panel\"><div class=\"captcha-type lf-field\"><label><div class=\"g-recaptcha\" data-sitekey=\"6LdEQ8knAAAAAMrFsDnI8ZahE29XSKMerMEp_1L3\"><\/div><br\/><\/label><\/div><div class=\"submit-type lf-field\"><label><input id=\"0\" class=\"lf-form-submit\" type=\"submit\" name=\"submit\" value=\"Envoyer\"\/>\r\n                <\/label><\/div><\/div>\r\n                <div class=\"captcha-field-area\" id=\"captcha-field-area\"><\/div>\r\n                <input type=\"hidden\" class=\"hidden_field\" name=\"hidden_field\" value=\"2\"\/>\r\n                <input type=\"hidden\" class=\"this_form_captcha_status\" value=\"enable\"\/>\r\n                <div class=\"leadform-show-loading front-loading leadform-show-message-form-2\" >\r\n                <\/div>\r\n                <div class=\"lf-loading\">\r\n                    <div class=\"spinner\" id=\"loading_image\" style=\"display: none;\">\r\n                        <div class=\"bounce1\"><\/div>\r\n                        <div class=\"bounce2\"><\/div>\r\n                        <div class=\"bounce3\"><\/div>\r\n                    <\/div>\r\n                <\/div>\r\n                <\/form><p style=\"display:none\" redirect=\"https:\/\/www.adrns.org\/bbt\" class=\"successmsg_2 successmsg\">Merci de votre message, nos \u00e9quipes vous r\u00e9pondrons dans les plus brefs d\u00e9lais.  \r\nl\\'Equipe du BBT <a href=\"#lfb-submit\"><\/a><\/p><\/div>\n","protected":false},"excerpt":{"rendered":"","protected":false},"author":1,"featured_media":0,"parent":0,"menu_order":0,"comment_status":"closed","ping_status":"closed","template":"template-fullwidth.php","meta":{"footnotes":""},"class_list":["post-1524","page","type-page","status-publish","hentry"],"_links":{"self":[{"href":"https:\/\/www.adrns.org\/bbt\/wp-json\/wp\/v2\/pages\/1524","targetHints":{"allow":["GET"]}}],"collection":[{"href":"https:\/\/www.adrns.org\/bbt\/wp-json\/wp\/v2\/pages"}],"about":[{"href":"https:\/\/www.adrns.org\/bbt\/wp-json\/wp\/v2\/types\/page"}],"author":[{"embeddable":true,"href":"https:\/\/www.adrns.org\/bbt\/wp-json\/wp\/v2\/users\/1"}],"replies":[{"embeddable":true,"href":"https:\/\/www.adrns.org\/bbt\/wp-json\/wp\/v2\/comments?post=1524"}],"version-history":[{"count":2,"href":"https:\/\/www.adrns.org\/bbt\/wp-json\/wp\/v2\/pages\/1524\/revisions"}],"predecessor-version":[{"id":1557,"href":"https:\/\/www.adrns.org\/bbt\/wp-json\/wp\/v2\/pages\/1524\/revisions\/1557"}],"wp:attachment":[{"href":"https:\/\/www.adrns.org\/bbt\/wp-json\/wp\/v2\/media?parent=1524"}],"curies":[{"name":"wp","href":"https:\/\/api.w.org\/{rel}","templated":true}]}}