{"id":1527,"date":"2023-08-30T03:15:33","date_gmt":"2023-08-30T01:15:33","guid":{"rendered":"https:\/\/www.adrns.org\/bbt\/?page_id=1527"},"modified":"2023-08-30T03:15:34","modified_gmt":"2023-08-30T01:15:34","slug":"contact","status":"publish","type":"page","link":"https:\/\/www.adrns.org\/bbt\/contact\/","title":{"rendered":"Contact"},"content":{"rendered":"<div class=\"leadform-show-form-1 leadform-show-form  lf-form-default \"><div class=\"lead-head\"><\/div>\r\n               <form action=\"\" method=\"post\" class=\"lead-form-front\" id=\"form_1\" enctype=\"multipart\/form-data\">\r\n                <h1>Nous contacter<\/h1><div class=\"name-type lf-field\"><label>Nom & Pr\u00e9nom<\/label>\r\n        <span><input id=\"name_1\" type=\"text\" name=\"name_1\" class=\"lf-form-name\" value=\"\" required placeholder=\"Name\" \/>\r\n        <\/span><\/div><div class=\"text-type lf-field\"><label>Email<\/label>\r\n        <span><input id=\"email_2\" type=\"email\" class=\"lf-form-text \" name=\"email_2\" required value=\"\" placeholder=\"Email\" \/>\r\n        <\/span><\/div><div class=\"text-type lf-field\"><label>T\u00e9l\u00e9phone<\/label>\r\n        <span><input id=\"number_3\" type=\"number\" class=\"lf-form-text \" name=\"number_3\" required value=\"\" placeholder=\"Contact number\" \/>\r\n        <\/span><\/div><div class=\"textarea-type lf-field\"><label>Message<\/label>\r\n            <span><textarea id=\"message_4\" name=\"message_4\" class=\"lf-form-textarea\" value=\"Message\" placeholder=\"Message\" required><\/textarea>\r\n            <\/span><\/div><div class=\"lf-form-panel\"><div class=\"captcha-type lf-field\"><label><div class=\"g-recaptcha\" data-sitekey=\"6LdEQ8knAAAAAMrFsDnI8ZahE29XSKMerMEp_1L3\"><\/div><br\/><\/label><\/div><div class=\"submit-type lf-field\"><label><input id=\"0\" class=\"lf-form-submit\" type=\"submit\" name=\"submit\" value=\"Envoyer\"\/>\r\n                <\/label><\/div><\/div>\r\n                <div class=\"captcha-field-area\" id=\"captcha-field-area\"><\/div>\r\n                <input type=\"hidden\" class=\"hidden_field\" name=\"hidden_field\" value=\"1\"\/>\r\n                <input type=\"hidden\" class=\"this_form_captcha_status\" value=\"enable\"\/>\r\n                <div class=\"leadform-show-loading front-loading leadform-show-message-form-1\" >\r\n                <\/div>\r\n                <div class=\"lf-loading\">\r\n                    <div class=\"spinner\" id=\"loading_image\" style=\"display: none;\">\r\n                        <div class=\"bounce1\"><\/div>\r\n                        <div class=\"bounce2\"><\/div>\r\n                        <div class=\"bounce3\"><\/div>\r\n                    <\/div>\r\n                <\/div>\r\n                <\/form><p style=\"display:none\" redirect=\"https:\/\/www.adrns.org\/bbt\" class=\"successmsg_1 successmsg\">Merci de votre message, nos \u00e9quipes vous r\u00e9pondrons dans les plus brefs d\u00e9lais.  \r\nl\\'Equipe du BBT <a href=\"#lfb-submit\"><\/a><\/p><\/div>\n\n\n\n<p><\/p>\n\n\n\n<p>L&rsquo;Association pour le D\u00e9veloppement des Relations Nord Sud (ADRNS), un organisme \u00e0 but non lucratif \u00e9tabli sous la loi 1901, num\u00e9ro W783007000, bas\u00e9 \u00e0 Saint Germain-en-Laye(78), poss\u00e9dant les identifiants SIREN : 833 261 662 et SIRET: 833 261 662 000 13, sous le code d&rsquo;activit\u00e9 APE : 9499Z. Son si\u00e8ge est situ\u00e9 au 4 cite Croix Saint Simon 78100 Saint Germain-en-Laye, joignable via l&#8217;email : dimitri.mfoumoutiti@adrns.org et sur le site internet www.continental-working.com. L&rsquo;association est repr\u00e9sent\u00e9e par son Pr\u00e9sident, Monsieur M\u2019FOUMOU-TITI Dimitri, cr\u00e9ateur de la marque Continental Working \u00ae et de l&rsquo;initiative Doing Business Africa In &amp; Out.<\/p>\n\n\n\n<p>La Fondation Africaine pour l\u2019Entrepreneuriat et le D\u00e9veloppement Economique (FAFEDE), situ\u00e9e au 01 BP 11205 Abidjan 01 225 Abidjan, C\u00f4te d&rsquo;Ivoire. Elle est joignable au t\u00e9l\u00e9phone : +225 0141956868 ou par email : kmathey69@gmail.com &amp; president@fafede.org. La fondation est repr\u00e9sent\u00e9e par son Pr\u00e9sident, Monsieur Samuel MATHEY.<\/p>\n","protected":false},"excerpt":{"rendered":"<p>L&rsquo;Association pour le D\u00e9veloppement des Relations Nord Sud (ADRNS), un organisme \u00e0 but non lucratif \u00e9tabli sous la loi 1901, num\u00e9ro W783007000, bas\u00e9 \u00e0 Saint Germain-en-Laye(78), poss\u00e9dant les identifiants SIREN &#8230;<\/p>\n","protected":false},"author":1,"featured_media":0,"parent":0,"menu_order":0,"comment_status":"closed","ping_status":"closed","template":"template-fullwidth.php","meta":{"footnotes":""},"class_list":["post-1527","page","type-page","status-publish","hentry"],"_links":{"self":[{"href":"https:\/\/www.adrns.org\/bbt\/wp-json\/wp\/v2\/pages\/1527","targetHints":{"allow":["GET"]}}],"collection":[{"href":"https:\/\/www.adrns.org\/bbt\/wp-json\/wp\/v2\/pages"}],"about":[{"href":"https:\/\/www.adrns.org\/bbt\/wp-json\/wp\/v2\/types\/page"}],"author":[{"embeddable":true,"href":"https:\/\/www.adrns.org\/bbt\/wp-json\/wp\/v2\/users\/1"}],"replies":[{"embeddable":true,"href":"https:\/\/www.adrns.org\/bbt\/wp-json\/wp\/v2\/comments?post=1527"}],"version-history":[{"count":1,"href":"https:\/\/www.adrns.org\/bbt\/wp-json\/wp\/v2\/pages\/1527\/revisions"}],"predecessor-version":[{"id":1528,"href":"https:\/\/www.adrns.org\/bbt\/wp-json\/wp\/v2\/pages\/1527\/revisions\/1528"}],"wp:attachment":[{"href":"https:\/\/www.adrns.org\/bbt\/wp-json\/wp\/v2\/media?parent=1527"}],"curies":[{"name":"wp","href":"https:\/\/api.w.org\/{rel}","templated":true}]}}