{"id":1591,"date":"2023-09-09T15:27:22","date_gmt":"2023-09-09T13:27:22","guid":{"rendered":"https:\/\/www.adrns.org\/bbt\/?page_id=1591"},"modified":"2023-10-06T00:56:36","modified_gmt":"2023-10-05T22:56:36","slug":"rdv-expert-compatble","status":"publish","type":"page","link":"https:\/\/www.adrns.org\/bbt\/rdv-expert-compatble\/","title":{"rendered":"Rdv Expert Comptable"},"content":{"rendered":"\n<figure class=\"wp-block-image size-full\"><img loading=\"lazy\" decoding=\"async\" width=\"736\" height=\"629\" src=\"https:\/\/www.adrns.org\/bbt\/wp-content\/uploads\/2023\/09\/1606816345-expert-comptable-missions.webp\" alt=\"\" class=\"wp-image-1592\" srcset=\"https:\/\/www.adrns.org\/bbt\/wp-content\/uploads\/2023\/09\/1606816345-expert-comptable-missions.webp 736w, https:\/\/www.adrns.org\/bbt\/wp-content\/uploads\/2023\/09\/1606816345-expert-comptable-missions-300x256.webp 300w\" sizes=\"auto, (max-width: 736px) 100vw, 736px\" \/><\/figure>\n\n\n\n<h2 class=\"wp-block-heading\" id=\"id1\">Quel est le r\u00f4le d\u2019un expert-comptable&nbsp;?<\/h2>\n\n\n\n<h3 class=\"wp-block-heading\" id=\"id3\">Expert-comptable&nbsp;: d\u00e9finition<\/h3>\n\n\n\n<p>L\u2019<strong>expert-comptable<\/strong>&nbsp;est un<strong>&nbsp;professionnel de la comptabilit\u00e9<\/strong>&nbsp;dont le r\u00f4le s\u2019\u00e9tend au-del\u00e0 de la&nbsp;<strong>gestion comptable de l\u2019entreprise<\/strong>.<\/p>\n\n\n\n<p>Sa valeur ajout\u00e9e r\u00e9side dans son r\u00f4le de conseiller en mati\u00e8res juridique, fiscale, sociale et comptable, tant dans la&nbsp;<strong>pr\u00e9vention<\/strong>&nbsp;de difficult\u00e9s potentielles que dans l\u2019<strong>optimisation de la sant\u00e9 financi\u00e8re<\/strong>.<\/p>\n\n\n\n<p>Il accompagne&nbsp;<strong>tous types d\u2019entreprises<\/strong>, de la micro-entreprise, aux grandes soci\u00e9t\u00e9s, tout au long de leur vie, \u00e0 savoir&nbsp;:<\/p>\n\n\n\n<ul class=\"wp-block-list\">\n<li>la cr\u00e9ation de l\u2019entreprise,<\/li>\n\n\n\n<li>la reprise ou la cession d\u2019une entreprise,<\/li>\n\n\n\n<li>le d\u00e9veloppement de l\u2019activit\u00e9, etc.<\/li>\n<\/ul>\n\n\n\n<h3 class=\"wp-block-heading\" id=\"id5\">Ses missions lors de la cr\u00e9ation d\u2019entreprise<\/h3>\n\n\n\n<ul class=\"wp-block-list\">\n<li>R\u00e9alisation du bilan pr\u00e9visionnel,<\/li>\n\n\n\n<li>Conseil sur&nbsp;:\n<ul class=\"wp-block-list\">\n<li>le choix du statut juridique,<\/li>\n\n\n\n<li>le choix du statut social,<\/li>\n\n\n\n<li>l\u2019optimisation fiscale,<\/li>\n\n\n\n<li>les financements possibles.<\/li>\n<\/ul>\n<\/li>\n<\/ul>\n\n\n\n<h3 class=\"wp-block-heading\" id=\"id7\">Ses missions tout au long de la vie de l\u2019entreprise<\/h3>\n\n\n\n<p>L\u2019expert-comptable a 3 missions principales et des missions accessoires&nbsp;:<\/p>\n\n\n\n<ul class=\"wp-block-list\">\n<li><strong>Mission de pr\u00e9sentation des comptes annuels<\/strong>&nbsp;:\n<ul class=\"wp-block-list\">\n<li>tenue de la comptabilit\u00e9 (globale ou partielle),<\/li>\n\n\n\n<li>r\u00e9vision comptable,<\/li>\n\n\n\n<li>\u00e9tablissement des comptes annuels,<\/li>\n\n\n\n<li>r\u00e9alisation des d\u00e9clarations fiscales et sociales,<\/li>\n\n\n\n<li>consolidation des comptes annuels des groupes de soci\u00e9t\u00e9s&nbsp;;<br>&nbsp;<\/li>\n<\/ul>\n<\/li>\n\n\n\n<li><strong>Mission d\u2019examen limit\u00e9 des comptes annuels<\/strong>\u00a0:<br>il s\u2019agit de l\u2019<strong>attestation de la r\u00e9gularit\u00e9 et de la sinc\u00e9rit\u00e9 des comptes annuels<\/strong>, quant \u00e0 la\u00a0<strong>situation financi\u00e8re<\/strong>\u00a0et au r\u00e9sultat de l\u2019entreprise \u00e0 la\u00a0<strong>cl\u00f4ture de l\u2019exercice<\/strong>\u00a0;<br>\u00a0<\/li>\n\n\n\n<li><strong>Mission d\u2019audit contractuel<\/strong>&nbsp;:<br>plus pouss\u00e9e que la mission pr\u00e9c\u00e9dente, il s\u2019agit de la&nbsp;<strong>certification de la r\u00e9gularit\u00e9 et de la sinc\u00e9rit\u00e9 des comptes annuels<\/strong>, suite \u00e0 des contr\u00f4les (sondages, v\u00e9rifications mat\u00e9rielles et recoupements externes)&nbsp;;<br>&nbsp;<\/li>\n\n\n\n<li>Accessoirement, l\u2019expert-comptable peut \u00eatre sollicit\u00e9 pour&nbsp;:\n<ul class=\"wp-block-list\">\n<li>remplir des&nbsp;<strong>formalit\u00e9s juridiques&nbsp;<\/strong>(tenue des assembl\u00e9es g\u00e9n\u00e9rales annuelles, transfert de si\u00e8ge social, augmentation de capital)<strong>,<\/strong><\/li>\n\n\n\n<li>r\u00e9aliser des prestations d\u2019ordre&nbsp;<strong>social et fiscal<\/strong>,<\/li>\n\n\n\n<li>ex\u00e9cuter des missions l\u00e9gales (exig\u00e9es par la loi), au sein des comit\u00e9s d\u2019entreprise par exemple, etc.<\/li>\n<\/ul>\n<\/li>\n<\/ul>\n\n\n\n<h3 class=\"wp-block-heading\" id=\"id9\">Ses missions lors de la transmission ou reprise d\u2019une entreprise<\/h3>\n\n\n\n<p>Un&nbsp;<strong>audit d\u2019acquisition<\/strong>&nbsp;r\u00e9alis\u00e9 par un expert-comptable est judicieux pour&nbsp;:<\/p>\n\n\n\n<ul class=\"wp-block-list\">\n<li>\u00eatre s\u00fbr ou remettre en cause la&nbsp;<strong>valeur d\u2019achat&nbsp;<\/strong>de l\u2019entit\u00e9&nbsp;;<\/li>\n\n\n\n<li>n\u00e9gocier la transaction&nbsp;;<\/li>\n\n\n\n<li>limiter les risques de l\u2019acheteur.<\/li>\n<\/ul>\n\n\n\n<h3 class=\"wp-block-heading\" id=\"id11\">Ses missions lors de la rencontre de difficult\u00e9s financi\u00e8res<\/h3>\n\n\n\n<p>Que l\u2019entreprise en soit \u00e0 un&nbsp;<strong>plan de sauvegarde<\/strong>, de&nbsp;<strong>redressement judiciaire<\/strong>, ou de&nbsp;<strong>liquidation judiciaire<\/strong>, il a pour missions&nbsp;:<\/p>\n\n\n\n<ul class=\"wp-block-list\">\n<li>la d\u00e9termination de l\u2019<strong>\u00e9tat de cessation des paiements<\/strong>,<\/li>\n\n\n\n<li>l\u2019\u00e9laboration du&nbsp;<strong>plan de continuation<\/strong>,<\/li>\n\n\n\n<li>le suivi de l\u2019exploitation et de la tr\u00e9sorerie pendant la p\u00e9riode d\u2019observation,<\/li>\n\n\n\n<li>la fourniture des pi\u00e8ces et des donn\u00e9es \u00e0 l\u2019administrateur judiciaire,<\/li>\n\n\n\n<li>la r\u00e9alisation du&nbsp;<strong>plan de cession des actifs et activit\u00e9s<\/strong>&nbsp;de la soci\u00e9t\u00e9, etc.<\/li>\n<\/ul>\n\n\n\n<p class=\"has-large-font-size\"><strong>3 rendez-vous offerts dans le cadre du BBT<\/strong><\/p>\n\n\n\n<figure class=\"wp-block-image size-large\"><img loading=\"lazy\" decoding=\"async\" width=\"1024\" height=\"357\" src=\"https:\/\/www.adrns.org\/bbt\/wp-content\/uploads\/2023\/09\/expert-1024x357.png\" alt=\"\" class=\"wp-image-1589\" srcset=\"https:\/\/www.adrns.org\/bbt\/wp-content\/uploads\/2023\/09\/expert-1024x357.png 1024w, https:\/\/www.adrns.org\/bbt\/wp-content\/uploads\/2023\/09\/expert-300x104.png 300w, https:\/\/www.adrns.org\/bbt\/wp-content\/uploads\/2023\/09\/expert-768x268.png 768w, https:\/\/www.adrns.org\/bbt\/wp-content\/uploads\/2023\/09\/expert.png 1424w\" sizes=\"auto, (max-width: 1024px) 100vw, 1024px\" \/><\/figure>\n\n\n<div class=\"leadform-show-form-3 leadform-show-form  lf-form-default \"><div class=\"lead-head\"><\/div>\r\n               <form action=\"\" method=\"post\" class=\"lead-form-front\" id=\"form_3\" enctype=\"multipart\/form-data\">\r\n                <h1>3 RDV offerts avec un expert Comptable<\/h1><div class=\"name-type lf-field\"><label>Nom & Pr\u00e9nom<\/label>\r\n        <span><input id=\"name_1\" type=\"text\" name=\"name_1\" class=\"lf-form-name\" value=\"\" required placeholder=\"\" \/>\r\n        <\/span><\/div><div class=\"name-type lf-field\"><label>Secteur d'activit\u00e9<\/label>\r\n        <span><input id=\"name_2\" type=\"text\" name=\"name_2\" class=\"lf-form-name\" value=\"\" required placeholder=\"\" \/>\r\n        <\/span><\/div><div class=\"name-type lf-field\"><label>Ville \/ Pays<\/label>\r\n        <span><input id=\"name_3\" type=\"text\" name=\"name_3\" class=\"lf-form-name\" value=\"\" required placeholder=\"\" \/>\r\n        <\/span><\/div><div class=\"text-type lf-field\"><label>T\u00e9l\u00e9phone<\/label>\r\n        <span><input id=\"number_4\" type=\"number\" class=\"lf-form-text \" name=\"number_4\" required value=\"\" placeholder=\"\" \/>\r\n        <\/span><\/div><div class=\"text-type lf-field\"><label>Email<\/label>\r\n        <span><input id=\"email_5\" type=\"email\" class=\"lf-form-text \" name=\"email_5\" required value=\"\" placeholder=\"\" \/>\r\n        <\/span><\/div><div class=\"radio-type lf-field\"><label>Votre Besoin<\/label>\r\n                        <span><ul><li><input id=\"radio_6\" type=\"radio\" name=\"radio_6\" value=\"Court terme ( - de 6 mois)\" required\/>Court terme ( - de 6 mois)<\/li><li><input id=\"radio_6\" type=\"radio\" name=\"radio_6\" value=\"Moyen terme (+ 6 mois)\" required\/>Moyen terme (+ 6 mois)<\/li><li><input id=\"radio_6\" type=\"radio\" name=\"radio_6\" value=\"Long terme (+ 1 an)\" required\/>Long terme (+ 1 an)<\/li><li><input id=\"radio_6\" type=\"radio\" name=\"radio_6\" value=\"Ne sais pas\" required\/>Ne sais pas<\/li><\/ul><\/span><\/div><div class=\"upload-type lf-field\"><label>Document 1<\/label>\r\n            <span class=\"lfb-file\">\r\n                <div class=\"lfb-file-upload\" >\r\n                    <input type=\"text\" class=\"file-text upload_8_3\">\r\n                    <div class=\"lfb_input_upload\">\r\n                        <input onchange=\"lfb_upload_button(this);\" type=\"file\" id=\"upload_8\"  name=\"upload_8\" class=\"lfb-input-upload custom-file-input\" filetext=\"upload_8_3\" value=\"\"  placeholder=\"\" \/>\r\n                    <\/div>\r\n                <\/div>\r\n            <\/span>\r\n        <\/div><div class=\"upload-type lf-field\"><label>Document 2<\/label>\r\n            <span class=\"lfb-file\">\r\n                <div class=\"lfb-file-upload\" >\r\n                    <input type=\"text\" class=\"file-text upload_9_3\">\r\n                    <div class=\"lfb_input_upload\">\r\n                        <input onchange=\"lfb_upload_button(this);\" type=\"file\" id=\"upload_9\"  name=\"upload_9\" class=\"lfb-input-upload custom-file-input\" filetext=\"upload_9_3\" value=\"\"  placeholder=\"\" \/>\r\n                    <\/div>\r\n                <\/div>\r\n            <\/span>\r\n        <\/div><div class=\"textarea-type lf-field\"><label>Message<\/label>\r\n            <span><textarea id=\"message_7\" name=\"message_7\" class=\"lf-form-textarea\" value=\"\" placeholder=\"\" required><\/textarea>\r\n            <\/span><\/div><div class=\"lf-form-panel\"><div class=\"captcha-type lf-field\"><label><div class=\"g-recaptcha\" data-sitekey=\"6LdEQ8knAAAAAMrFsDnI8ZahE29XSKMerMEp_1L3\"><\/div><br\/><\/label><\/div><div class=\"submit-type lf-field\"><label><input id=\"0\" class=\"lf-form-submit\" type=\"submit\" name=\"submit\" value=\"Envoyer\"\/>\r\n                <\/label><\/div><\/div>\r\n                <div class=\"captcha-field-area\" id=\"captcha-field-area\"><\/div>\r\n                <input type=\"hidden\" class=\"hidden_field\" name=\"hidden_field\" value=\"3\"\/>\r\n                <input type=\"hidden\" class=\"this_form_captcha_status\" value=\"enable\"\/>\r\n                <div class=\"leadform-show-loading front-loading leadform-show-message-form-3\" >\r\n                <\/div>\r\n                <div class=\"lf-loading\">\r\n                    <div class=\"spinner\" id=\"loading_image\" style=\"display: none;\">\r\n                        <div class=\"bounce1\"><\/div>\r\n                        <div class=\"bounce2\"><\/div>\r\n                        <div class=\"bounce3\"><\/div>\r\n                    <\/div>\r\n                <\/div>\r\n                <\/form><p style=\"display:none\" redirect=\"https:\/\/www.adrns.org\/bbt\" class=\"successmsg_3 successmsg\"><a href=\"#lfb-submit\"><\/a><\/p><\/div>\n","protected":false},"excerpt":{"rendered":"<p>Quel est le r\u00f4le d\u2019un expert-comptable&nbsp;? Expert-comptable&nbsp;: d\u00e9finition L\u2019expert-comptable&nbsp;est un&nbsp;professionnel de la comptabilit\u00e9&nbsp;dont le r\u00f4le s\u2019\u00e9tend au-del\u00e0 de la&nbsp;gestion comptable de l\u2019entreprise. Sa valeur ajout\u00e9e r\u00e9side dans son r\u00f4le de &#8230;<\/p>\n","protected":false},"author":1,"featured_media":1590,"parent":0,"menu_order":0,"comment_status":"closed","ping_status":"closed","template":"template-fullwidth.php","meta":{"footnotes":""},"class_list":["post-1591","page","type-page","status-publish","has-post-thumbnail","hentry"],"_links":{"self":[{"href":"https:\/\/www.adrns.org\/bbt\/wp-json\/wp\/v2\/pages\/1591","targetHints":{"allow":["GET"]}}],"collection":[{"href":"https:\/\/www.adrns.org\/bbt\/wp-json\/wp\/v2\/pages"}],"about":[{"href":"https:\/\/www.adrns.org\/bbt\/wp-json\/wp\/v2\/types\/page"}],"author":[{"embeddable":true,"href":"https:\/\/www.adrns.org\/bbt\/wp-json\/wp\/v2\/users\/1"}],"replies":[{"embeddable":true,"href":"https:\/\/www.adrns.org\/bbt\/wp-json\/wp\/v2\/comments?post=1591"}],"version-history":[{"count":4,"href":"https:\/\/www.adrns.org\/bbt\/wp-json\/wp\/v2\/pages\/1591\/revisions"}],"predecessor-version":[{"id":1627,"href":"https:\/\/www.adrns.org\/bbt\/wp-json\/wp\/v2\/pages\/1591\/revisions\/1627"}],"wp:featuredmedia":[{"embeddable":true,"href":"https:\/\/www.adrns.org\/bbt\/wp-json\/wp\/v2\/media\/1590"}],"wp:attachment":[{"href":"https:\/\/www.adrns.org\/bbt\/wp-json\/wp\/v2\/media?parent=1591"}],"curies":[{"name":"wp","href":"https:\/\/api.w.org\/{rel}","templated":true}]}}