{"id":1598,"date":"2023-09-15T12:26:56","date_gmt":"2023-09-15T10:26:56","guid":{"rendered":"https:\/\/www.adrns.org\/bbt\/?page_id=1598"},"modified":"2023-09-29T11:21:02","modified_gmt":"2023-09-29T09:21:02","slug":"soutenir-bbt","status":"publish","type":"page","link":"https:\/\/www.adrns.org\/bbt\/soutenir-bbt\/","title":{"rendered":"Soutenir BBT"},"content":{"rendered":"\n<figure class=\"wp-block-image size-large\"><img loading=\"lazy\" decoding=\"async\" width=\"1024\" height=\"342\" src=\"https:\/\/www.adrns.org\/bbt\/wp-content\/uploads\/2023\/09\/BBT_FSI-1024x342.png\" alt=\"\" class=\"wp-image-1602\" srcset=\"https:\/\/www.adrns.org\/bbt\/wp-content\/uploads\/2023\/09\/BBT_FSI-1024x342.png 1024w, https:\/\/www.adrns.org\/bbt\/wp-content\/uploads\/2023\/09\/BBT_FSI-300x100.png 300w, https:\/\/www.adrns.org\/bbt\/wp-content\/uploads\/2023\/09\/BBT_FSI-768x256.png 768w, https:\/\/www.adrns.org\/bbt\/wp-content\/uploads\/2023\/09\/BBT_FSI.png 1220w\" sizes=\"auto, (max-width: 1024px) 100vw, 1024px\" \/><\/figure>\n\n\n\n<p><em>Votre don est plus qu&rsquo;une simple contribution financi\u00e8re ; c&rsquo;est un investissement dans un avenir \u00e9conomique plus brillant, une communaut\u00e9 plus soud\u00e9e, une libert\u00e9 d&rsquo;action et un monde d&rsquo;opportunit\u00e9s.<\/em><\/p>\n\n\n\n<p><strong>Faites partie du voyage, soutenez le Bengu\u00e9 Business Tour !<\/strong><\/p>\n\n\n\n<p>Le Bengu\u00e9 Business Tour est plus qu&rsquo;un \u00e9v\u00e9nement : c&rsquo;est une initiative majeure pour booster l&rsquo;entrepreneuriat, renforcer la citoyennet\u00e9, et tisser des liens \u00e9conomiques solides. Mais pour que cette vision se concr\u00e9tise, nous avons besoin de vous.<\/p>\n\n\n\n<p><strong>Pourquoi soutenir le Bengu\u00e9 Business Tour ?<\/strong><\/p>\n\n\n\n<p>Votre soutien joue un r\u00f4le d\u00e9terminant pour nous. En contribuant financi\u00e8rement, vous participez activement \u00e0 l&rsquo;\u00e9mergence d&rsquo;une nouvelle g\u00e9n\u00e9ration d&rsquo;entrepreneurs, et \u00e0 la diffusion d&rsquo;un message fort pour l&rsquo;avenir \u00e9conomique de notre r\u00e9gion.<\/p>\n\n\n\n<p>B\u00e9n\u00e9ficiez d&rsquo;une r\u00e9duction d&rsquo;imp\u00f4t cons\u00e9quente<\/p>\n\n\n\n<p>La g\u00e9n\u00e9rosit\u00e9 peut \u00e9galement avoir des avantages fiscaux ! Les dons au profit du Bengu\u00e9 Business Tour, en tant qu&rsquo;initiative \u00e0 caract\u00e8re philanthropique, \u00e9ducatif, et \u00e9conomique, ouvrent droit \u00e0 une r\u00e9duction d&rsquo;imp\u00f4t de 66% du montant vers\u00e9.<\/p>\n\n\n\n<p>Exemples :<\/p>\n\n\n\n<p><strong>Pour les particuliers :<\/strong><br>\u2022 Si vous faites un don de 100\u20ac, apr\u00e8s r\u00e9duction d&rsquo;imp\u00f4t, celui-ci ne vous co\u00fbtera que 34\u20ac.<br>\u2022 Pour un don de 500\u20ac, apr\u00e8s d\u00e9duction, votre contribution r\u00e9elle ne sera que de 170\u20ac.<br><strong>Pour les entreprises :<\/strong><br>\u2022 Un don de 200\u20ac ne vous co\u00fbtera r\u00e9ellement que 68\u20ac apr\u00e8s r\u00e9duction d&rsquo;imp\u00f4t.<br>\u2022 Pour une g\u00e9n\u00e9reuse contribution de 1000\u20ac, vous ne payez effectivement que 340\u20ac apr\u00e8s d\u00e9duction.<br>\u2022 Si vos dons d\u00e9passent 20% de votre revenu imposable, n&rsquo;oubliez pas que l&rsquo;exc\u00e9dent est reportable sur les cinq ann\u00e9es suivantes.<br>C&rsquo;est une occasion id\u00e9ale de maximiser votre soutien tout en b\u00e9n\u00e9ficiant d&rsquo;avantages fiscaux.<\/p>\n\n\n\n<p><strong>Joignez-vous \u00e0 nous<\/strong><\/p>\n\n\n\n<p>C&rsquo;est en combinant nos efforts que nous pourrons faire du Bengu\u00e9 Business Tour un grand succ\u00e8s. Si vous \u00eates int\u00e9ress\u00e9, concern\u00e9, ou simplement sensibilis\u00e9 \u00e0 notre projet, nous vous invitons \u00e0 contribuer. Chaque don, quelle que soit sa taille, nous aide \u00e0 aller plus loin.<\/p>\n\n\n<p><iframe id=\"haWidget\" allowtransparency=\"true\" scrolling=\"auto\" src=\"https:\/\/www.helloasso.com\/associations\/adrns-african-valley\/formulaires\/9\/widget\" style=\"width: 100%; height: 750px; border: none;\"><\/iframe><\/p>\n\n\n<p><!-- Google tag (gtag.js) --> <script async src=\"https:\/\/www.googletagmanager.com\/gtag\/js?id=AW-11355083663\"><\/script> <script> window.dataLayer = window.dataLayer || []; function gtag(){dataLayer.push(arguments);} gtag('js', new Date()); gtag('config', 'AW-11355083663'); <\/script><\/p>\n","protected":false},"excerpt":{"rendered":"<p>Votre don est plus qu&rsquo;une simple contribution financi\u00e8re ; c&rsquo;est un investissement dans un avenir \u00e9conomique plus brillant, une communaut\u00e9 plus soud\u00e9e, une libert\u00e9 d&rsquo;action et un monde d&rsquo;opportunit\u00e9s. Faites &#8230;<\/p>\n","protected":false},"author":1,"featured_media":1599,"parent":0,"menu_order":0,"comment_status":"closed","ping_status":"closed","template":"template-fullwidth.php","meta":{"footnotes":""},"class_list":["post-1598","page","type-page","status-publish","has-post-thumbnail","hentry"],"_links":{"self":[{"href":"https:\/\/www.adrns.org\/bbt\/wp-json\/wp\/v2\/pages\/1598","targetHints":{"allow":["GET"]}}],"collection":[{"href":"https:\/\/www.adrns.org\/bbt\/wp-json\/wp\/v2\/pages"}],"about":[{"href":"https:\/\/www.adrns.org\/bbt\/wp-json\/wp\/v2\/types\/page"}],"author":[{"embeddable":true,"href":"https:\/\/www.adrns.org\/bbt\/wp-json\/wp\/v2\/users\/1"}],"replies":[{"embeddable":true,"href":"https:\/\/www.adrns.org\/bbt\/wp-json\/wp\/v2\/comments?post=1598"}],"version-history":[{"count":4,"href":"https:\/\/www.adrns.org\/bbt\/wp-json\/wp\/v2\/pages\/1598\/revisions"}],"predecessor-version":[{"id":1617,"href":"https:\/\/www.adrns.org\/bbt\/wp-json\/wp\/v2\/pages\/1598\/revisions\/1617"}],"wp:featuredmedia":[{"embeddable":true,"href":"https:\/\/www.adrns.org\/bbt\/wp-json\/wp\/v2\/media\/1599"}],"wp:attachment":[{"href":"https:\/\/www.adrns.org\/bbt\/wp-json\/wp\/v2\/media?parent=1598"}],"curies":[{"name":"wp","href":"https:\/\/api.w.org\/{rel}","templated":true}]}}