{"id":17,"date":"2016-02-12T08:09:36","date_gmt":"2016-02-12T08:09:36","guid":{"rendered":"http:\/\/demos.famethemes.com\/onepress\/?page_id=17"},"modified":"2023-08-30T02:50:54","modified_gmt":"2023-08-30T00:50:54","slug":"our-history","status":"publish","type":"page","link":"https:\/\/www.adrns.org\/bbt\/our-history\/","title":{"rendered":"Notre Projet"},"content":{"rendered":"<p>L\u2019Association D\u00e9veloppement Relations Nord Sud (ADRNS) et la Fondation Africaine pour l\u2019Entrepreneuriat et le D\u00e9veloppement Economique (FAFEDE) sont ravis d&rsquo;annoncer le lancement de leur initiative conjointe, le BENGU\u00c9 BUSINESS TOUR (BBT). L&rsquo;\u00e9v\u00e9nement pilote aura lieu \u00e0 Strasbourg en Septembre 2023.<\/p>\n<p>Le BBT 2023 est un projet novateur qui vise \u00e0 renforcer la puissance \u00e9conomique de la communaut\u00e9 africaine en France en maximisant les opportunit\u00e9s disponibles tant en France qu&rsquo;en Afrique. Con\u00e7u par le Dr Samuel MATHEY et M. Dimitri M\u2019FOUMOU-TITI, le BBT 2023 cherche \u00e0 outiller les communaut\u00e9s africaines et afro-descendantes pour devenir des agents de d\u00e9veloppement \u00e9conomique et social dans leurs r\u00e9gions d&rsquo;accueil.<\/p>\n<p><strong>Au programme de cet \u00e9v\u00e9nement pilote :<\/strong><\/p>\n<ol>\n<li><strong>Une immersion dans les valeurs de la R\u00e9publique Fran\u00e7aise, avec des informations sur l&rsquo;immigration, l&rsquo;int\u00e9gration et des proc\u00e9dures cl\u00e9s.<\/strong><\/li>\n<li><strong>Une exploration du syst\u00e8me entrepreneurial fran\u00e7ais, y compris la fiscalit\u00e9 et les dispositifs de financement.<\/strong><\/li>\n<li><strong>Une d\u00e9couverte approfondie de la r\u00e9gion d&rsquo;Alsace.<\/strong><\/li>\n<li><strong>Un regard tourn\u00e9 vers l&rsquo;Afrique, avec une discussion sur le th\u00e8me du retour et la possibilit\u00e9 d&rsquo;\u00eatre un pont \u00e9conomique et culturel entre la France et l&rsquo;Afrique.<\/strong><\/li>\n<\/ol>\n","protected":false},"excerpt":{"rendered":"<p>Nullam ut tempor eros. Donec faucibus, velit et imperdiet aliquam, lacus velit luctus urna, vitae porttitor orci libero id felis.<\/p>\n","protected":false},"author":1,"featured_media":1503,"parent":0,"menu_order":0,"comment_status":"closed","ping_status":"closed","template":"template-fullwidth.php","meta":{"footnotes":""},"class_list":["post-17","page","type-page","status-publish","has-post-thumbnail","hentry"],"_links":{"self":[{"href":"https:\/\/www.adrns.org\/bbt\/wp-json\/wp\/v2\/pages\/17","targetHints":{"allow":["GET"]}}],"collection":[{"href":"https:\/\/www.adrns.org\/bbt\/wp-json\/wp\/v2\/pages"}],"about":[{"href":"https:\/\/www.adrns.org\/bbt\/wp-json\/wp\/v2\/types\/page"}],"author":[{"embeddable":true,"href":"https:\/\/www.adrns.org\/bbt\/wp-json\/wp\/v2\/users\/1"}],"replies":[{"embeddable":true,"href":"https:\/\/www.adrns.org\/bbt\/wp-json\/wp\/v2\/comments?post=17"}],"version-history":[{"count":1,"href":"https:\/\/www.adrns.org\/bbt\/wp-json\/wp\/v2\/pages\/17\/revisions"}],"predecessor-version":[{"id":1502,"href":"https:\/\/www.adrns.org\/bbt\/wp-json\/wp\/v2\/pages\/17\/revisions\/1502"}],"wp:featuredmedia":[{"embeddable":true,"href":"https:\/\/www.adrns.org\/bbt\/wp-json\/wp\/v2\/media\/1503"}],"wp:attachment":[{"href":"https:\/\/www.adrns.org\/bbt\/wp-json\/wp\/v2\/media?parent=17"}],"curies":[{"name":"wp","href":"https:\/\/api.w.org\/{rel}","templated":true}]}}