{"id":22,"date":"2016-02-12T08:11:05","date_gmt":"2016-02-12T08:11:05","guid":{"rendered":"http:\/\/demos.famethemes.com\/onepress\/?page_id=22"},"modified":"2023-08-30T02:51:08","modified_gmt":"2023-08-30T00:51:08","slug":"our-vision","status":"publish","type":"page","link":"https:\/\/www.adrns.org\/bbt\/our-vision\/","title":{"rendered":"Pourquoi ?"},"content":{"rendered":"<p>Avec aujourd&rsquo;hui 10% d&rsquo;immigr\u00e9s vivant sur son territoire et environ 7 millions d&rsquo;Africains si les 2\u00e8me et 3\u00e8me g\u00e9n\u00e9rations <br \/>incluses, les communaut\u00e9s Africaines sont une v\u00e9ritable force \u00e9conomique et culturelle de la France.<\/p>\n\n\n<p>Le BBT veut aller \u00e0 la rencontre des communaut\u00e9s Africaines pour former et informer sur les opportunit\u00e9s d&rsquo;entrepreneuriat, d&rsquo;auto-emploi, de financement, afin de les transformer en une force \u00e9conomique et culturelle au service de la communaut\u00e9, de la France et de l&rsquo;humanit\u00e9.<\/p>\n\n\n\n<p>Ces rencontres doivent permettre \u00e0 chaque membre:<\/p>\n\n\n\n<ul class=\"wp-block-list\">\n<li><strong>Former les membres de la communaut\u00e9 \u00e0 l\u2019entrepreneuriat, auto-entrepreneur et montage de plans d&rsquo;affaires;<\/strong><\/li>\n\n\n\n<li><strong>Informer sur les opportunit\u00e9s de financement disponible \u00e0 la communaut\u00e9;<\/strong><\/li>\n\n\n\n<li><strong>Consolider le r\u00e9seau d\u2019entraide au sein de la communaut\u00e9;<\/strong><\/li>\n\n\n\n<li><strong>D\u00e9couvrir sa r\u00e9gion et les opportunit\u00e9s de la r\u00e9gion;<\/strong><\/li>\n\n\n\n<li><strong>Pr\u00e9senter des mod\u00e8les de r\u00e9ussites en entrepreneuriat;<\/strong><\/li>\n\n\n\n<li><strong>Initier les membres de la communaut\u00e9 aux principes de retour;<\/strong><\/li>\n\n\n\n<li><strong>Partager les connaissances sur les valeurs de la r\u00e9publique et les proc\u00e9dures administratives cl\u00e9s.<\/strong><\/li>\n<\/ul>\n","protected":false},"excerpt":{"rendered":"<p>Nullam ut tempor eros. Donec faucibus, velit et imperdiet aliquam, lacus velit luctus urna, vitae porttitor orci libero id felis.<\/p>\n","protected":false},"author":1,"featured_media":1505,"parent":0,"menu_order":0,"comment_status":"closed","ping_status":"closed","template":"template-fullwidth.php","meta":{"footnotes":""},"class_list":["post-22","page","type-page","status-publish","has-post-thumbnail","hentry"],"_links":{"self":[{"href":"https:\/\/www.adrns.org\/bbt\/wp-json\/wp\/v2\/pages\/22","targetHints":{"allow":["GET"]}}],"collection":[{"href":"https:\/\/www.adrns.org\/bbt\/wp-json\/wp\/v2\/pages"}],"about":[{"href":"https:\/\/www.adrns.org\/bbt\/wp-json\/wp\/v2\/types\/page"}],"author":[{"embeddable":true,"href":"https:\/\/www.adrns.org\/bbt\/wp-json\/wp\/v2\/users\/1"}],"replies":[{"embeddable":true,"href":"https:\/\/www.adrns.org\/bbt\/wp-json\/wp\/v2\/comments?post=22"}],"version-history":[{"count":1,"href":"https:\/\/www.adrns.org\/bbt\/wp-json\/wp\/v2\/pages\/22\/revisions"}],"predecessor-version":[{"id":1499,"href":"https:\/\/www.adrns.org\/bbt\/wp-json\/wp\/v2\/pages\/22\/revisions\/1499"}],"wp:featuredmedia":[{"embeddable":true,"href":"https:\/\/www.adrns.org\/bbt\/wp-json\/wp\/v2\/media\/1505"}],"wp:attachment":[{"href":"https:\/\/www.adrns.org\/bbt\/wp-json\/wp\/v2\/media?parent=22"}],"curies":[{"name":"wp","href":"https:\/\/api.w.org\/{rel}","templated":true}]}}